{"id":3708,"date":"2022-05-16T10:07:07","date_gmt":"2022-05-16T10:07:07","guid":{"rendered":"http:\/\/eduplo.net\/home\/"},"modified":"2023-01-13T15:18:01","modified_gmt":"2023-01-13T15:18:01","slug":"home","status":"publish","type":"page","link":"https:\/\/eduplo.net\/fr\/","title":{"rendered":"Home"},"content":{"rendered":"","protected":false},"excerpt":{"rendered":"","protected":false},"author":1,"featured_media":3235,"parent":0,"menu_order":0,"comment_status":"closed","ping_status":"closed","template":"template-homepage.php","meta":[],"acf":[],"yoast_head":"\nEntreprise de S\u00e9curit\u00e9 | Votre S\u00e9curit\u00e9 en Toute Confiance - Eduplo<\/title>\n<meta name=\"description\" content=\"Nous garantissons votre protection gr\u00e2ce \u00e0 nos syst\u00e8mes d\u2019alarme! Nous sommes une entreprise de s\u00e9curit\u00e9 capables de vous aider \u00e0 avoir.\" \/>\n<meta name=\"robots\" content=\"index, follow, max-snippet:-1, max-image-preview:large, max-video-preview:-1\" \/>\n<link rel=\"canonical\" href=\"https:\/\/eduplo.net\/fr\/\" \/>\n<meta property=\"og:locale\" content=\"fr_FR\" \/>\n<meta property=\"og:type\" content=\"article\" \/>\n<meta property=\"og:title\" content=\"Entreprise de S\u00e9curit\u00e9 | Votre S\u00e9curit\u00e9 en Toute Confiance - Eduplo\" \/>\n<meta property=\"og:description\" content=\"Nous garantissons votre protection gr\u00e2ce \u00e0 nos syst\u00e8mes d\u2019alarme! Nous sommes une entreprise de s\u00e9curit\u00e9 capables de vous aider \u00e0 avoir.\" \/>\n<meta property=\"og:url\" content=\"https:\/\/eduplo.net\/fr\/\" \/>\n<meta property=\"og:site_name\" content=\"Eduplo - Tecnologia e Seguran\u00e7a\" \/>\n<meta property=\"article:modified_time\" content=\"2023-01-13T15:18:01+00:00\" \/>\n<meta property=\"og:image\" content=\"https:\/\/eduplo.net\/wp-content\/uploads\/2022\/07\/eduplo-35-scaled.jpg\" \/>\n\t<meta property=\"og:image:width\" content=\"2560\" \/>\n\t<meta property=\"og:image:height\" content=\"1707\" \/>\n\t<meta property=\"og:image:type\" content=\"image\/jpeg\" \/>\n<meta name=\"twitter:card\" content=\"summary_large_image\" \/>\n<script type=\"application\/ld+json\" class=\"yoast-schema-graph\">{\"@context\":\"https:\/\/schema.org\",\"@graph\":[{\"@type\":\"WebSite\",\"@id\":\"https:\/\/eduplo.net\/#website\",\"url\":\"https:\/\/eduplo.net\/\",\"name\":\"Eduplo - Tecnologia e Seguran\u00e7a\",\"description\":\"\",\"potentialAction\":[{\"@type\":\"SearchAction\",\"target\":{\"@type\":\"EntryPoint\",\"urlTemplate\":\"https:\/\/eduplo.net\/?s={search_term_string}\"},\"query-input\":\"required name=search_term_string\"}],\"inLanguage\":\"fr-FR\"},{\"@type\":\"ImageObject\",\"inLanguage\":\"fr-FR\",\"@id\":\"https:\/\/eduplo.net\/fr\/#primaryimage\",\"url\":\"https:\/\/eduplo.net\/wp-content\/uploads\/2022\/07\/eduplo-35-scaled.jpg\",\"contentUrl\":\"https:\/\/eduplo.net\/wp-content\/uploads\/2022\/07\/eduplo-35-scaled.jpg\",\"width\":2560,\"height\":1707,\"caption\":\"Eduplo\"},{\"@type\":\"WebPage\",\"@id\":\"https:\/\/eduplo.net\/fr\/#webpage\",\"url\":\"https:\/\/eduplo.net\/fr\/\",\"name\":\"Entreprise de S\u00e9curit\u00e9 | Votre S\u00e9curit\u00e9 en Toute Confiance - Eduplo\",\"isPartOf\":{\"@id\":\"https:\/\/eduplo.net\/#website\"},\"primaryImageOfPage\":{\"@id\":\"https:\/\/eduplo.net\/fr\/#primaryimage\"},\"datePublished\":\"2022-05-16T10:07:07+00:00\",\"dateModified\":\"2023-01-13T15:18:01+00:00\",\"description\":\"Nous garantissons votre protection gr\u00e2ce \u00e0 nos syst\u00e8mes d\u2019alarme! Nous sommes une entreprise de s\u00e9curit\u00e9 capables de vous aider \u00e0 avoir.\",\"breadcrumb\":{\"@id\":\"https:\/\/eduplo.net\/fr\/#breadcrumb\"},\"inLanguage\":\"fr-FR\",\"potentialAction\":[{\"@type\":\"ReadAction\",\"target\":[\"https:\/\/eduplo.net\/fr\/\"]}]},{\"@type\":\"BreadcrumbList\",\"@id\":\"https:\/\/eduplo.net\/fr\/#breadcrumb\",\"itemListElement\":[{\"@type\":\"ListItem\",\"position\":1,\"name\":\"Home\",\"item\":\"https:\/\/eduplo.net\/fr\/\"},{\"@type\":\"ListItem\",\"position\":2,\"name\":\"Home\"}]}]}<\/script>\n<!-- \/ Yoast SEO plugin. -->","yoast_head_json":{"title":"Entreprise de S\u00e9curit\u00e9 | Votre S\u00e9curit\u00e9 en Toute Confiance - Eduplo","description":"Nous garantissons votre protection gr\u00e2ce \u00e0 nos syst\u00e8mes d\u2019alarme! Nous sommes une entreprise de s\u00e9curit\u00e9 capables de vous aider \u00e0 avoir.","robots":{"index":"index","follow":"follow","max-snippet":"max-snippet:-1","max-image-preview":"max-image-preview:large","max-video-preview":"max-video-preview:-1"},"canonical":"https:\/\/eduplo.net\/fr\/","og_locale":"fr_FR","og_type":"article","og_title":"Entreprise de S\u00e9curit\u00e9 | Votre S\u00e9curit\u00e9 en Toute Confiance - Eduplo","og_description":"Nous garantissons votre protection gr\u00e2ce \u00e0 nos syst\u00e8mes d\u2019alarme! Nous sommes une entreprise de s\u00e9curit\u00e9 capables de vous aider \u00e0 avoir.","og_url":"https:\/\/eduplo.net\/fr\/","og_site_name":"Eduplo - Tecnologia e Seguran\u00e7a","article_modified_time":"2023-01-13T15:18:01+00:00","og_image":[{"width":2560,"height":1707,"url":"https:\/\/eduplo.net\/wp-content\/uploads\/2022\/07\/eduplo-35-scaled.jpg","type":"image\/jpeg"}],"twitter_card":"summary_large_image","schema":{"@context":"https:\/\/schema.org","@graph":[{"@type":"WebSite","@id":"https:\/\/eduplo.net\/#website","url":"https:\/\/eduplo.net\/","name":"Eduplo - Tecnologia e Seguran\u00e7a","description":"","potentialAction":[{"@type":"SearchAction","target":{"@type":"EntryPoint","urlTemplate":"https:\/\/eduplo.net\/?s={search_term_string}"},"query-input":"required name=search_term_string"}],"inLanguage":"fr-FR"},{"@type":"ImageObject","inLanguage":"fr-FR","@id":"https:\/\/eduplo.net\/fr\/#primaryimage","url":"https:\/\/eduplo.net\/wp-content\/uploads\/2022\/07\/eduplo-35-scaled.jpg","contentUrl":"https:\/\/eduplo.net\/wp-content\/uploads\/2022\/07\/eduplo-35-scaled.jpg","width":2560,"height":1707,"caption":"Eduplo"},{"@type":"WebPage","@id":"https:\/\/eduplo.net\/fr\/#webpage","url":"https:\/\/eduplo.net\/fr\/","name":"Entreprise de S\u00e9curit\u00e9 | Votre S\u00e9curit\u00e9 en Toute Confiance - Eduplo","isPartOf":{"@id":"https:\/\/eduplo.net\/#website"},"primaryImageOfPage":{"@id":"https:\/\/eduplo.net\/fr\/#primaryimage"},"datePublished":"2022-05-16T10:07:07+00:00","dateModified":"2023-01-13T15:18:01+00:00","description":"Nous garantissons votre protection gr\u00e2ce \u00e0 nos syst\u00e8mes d\u2019alarme! Nous sommes une entreprise de s\u00e9curit\u00e9 capables de vous aider \u00e0 avoir.","breadcrumb":{"@id":"https:\/\/eduplo.net\/fr\/#breadcrumb"},"inLanguage":"fr-FR","potentialAction":[{"@type":"ReadAction","target":["https:\/\/eduplo.net\/fr\/"]}]},{"@type":"BreadcrumbList","@id":"https:\/\/eduplo.net\/fr\/#breadcrumb","itemListElement":[{"@type":"ListItem","position":1,"name":"Home","item":"https:\/\/eduplo.net\/fr\/"},{"@type":"ListItem","position":2,"name":"Home"}]}]}},"_links":{"self":[{"href":"https:\/\/eduplo.net\/fr\/wp-json\/wp\/v2\/pages\/3708"}],"collection":[{"href":"https:\/\/eduplo.net\/fr\/wp-json\/wp\/v2\/pages"}],"about":[{"href":"https:\/\/eduplo.net\/fr\/wp-json\/wp\/v2\/types\/page"}],"author":[{"embeddable":true,"href":"https:\/\/eduplo.net\/fr\/wp-json\/wp\/v2\/users\/1"}],"replies":[{"embeddable":true,"href":"https:\/\/eduplo.net\/fr\/wp-json\/wp\/v2\/comments?post=3708"}],"version-history":[{"count":10,"href":"https:\/\/eduplo.net\/fr\/wp-json\/wp\/v2\/pages\/3708\/revisions"}],"predecessor-version":[{"id":4083,"href":"https:\/\/eduplo.net\/fr\/wp-json\/wp\/v2\/pages\/3708\/revisions\/4083"}],"wp:featuredmedia":[{"embeddable":true,"href":"https:\/\/eduplo.net\/fr\/wp-json\/wp\/v2\/media\/3235"}],"wp:attachment":[{"href":"https:\/\/eduplo.net\/fr\/wp-json\/wp\/v2\/media?parent=3708"}],"curies":[{"name":"wp","href":"https:\/\/api.w.org\/{rel}","templated":true}]}}