{"id":3681,"date":"2022-05-16T14:44:35","date_gmt":"2022-05-16T14:44:35","guid":{"rendered":"http:\/\/eduplo.net\/a-equipa\/"},"modified":"2022-07-26T16:23:14","modified_gmt":"2022-07-26T16:23:14","slug":"equipe","status":"publish","type":"page","link":"https:\/\/eduplo.net\/fr\/equipe\/","title":{"rendered":"\u00c9quipe"},"content":{"rendered":"","protected":false},"excerpt":{"rendered":"","protected":false},"author":1,"featured_media":0,"parent":0,"menu_order":0,"comment_status":"closed","ping_status":"closed","template":"template-equipa.php","meta":[],"acf":[],"yoast_head":"\nCam\u00e9ras de Vid\u00e9osurveillance? Eduplo a tout ce dont vous avez besoin!<\/title>\n<meta name=\"description\" content=\"Chez Eduplo, notre service de cam\u00e9ras de vid\u00e9osurveillance et bien plus encore peuvent vous aider \u00e0 garder votre maison beaucoup plus s\u00fbre!\" \/>\n<meta name=\"robots\" content=\"index, follow, max-snippet:-1, max-image-preview:large, max-video-preview:-1\" \/>\n<link rel=\"canonical\" href=\"https:\/\/eduplo.net\/fr\/equipe\/\" \/>\n<meta property=\"og:locale\" content=\"fr_FR\" \/>\n<meta property=\"og:type\" content=\"article\" \/>\n<meta property=\"og:title\" content=\"Cam\u00e9ras de Vid\u00e9osurveillance? Eduplo a tout ce dont vous avez besoin!\" \/>\n<meta property=\"og:description\" content=\"Chez Eduplo, notre service de cam\u00e9ras de vid\u00e9osurveillance et bien plus encore peuvent vous aider \u00e0 garder votre maison beaucoup plus s\u00fbre!\" \/>\n<meta property=\"og:url\" content=\"https:\/\/eduplo.net\/fr\/equipe\/\" \/>\n<meta property=\"og:site_name\" content=\"Eduplo - Tecnologia e Seguran\u00e7a\" \/>\n<meta property=\"article:modified_time\" content=\"2022-07-26T16:23:14+00:00\" \/>\n<meta name=\"twitter:card\" content=\"summary_large_image\" \/>\n<script type=\"application\/ld+json\" class=\"yoast-schema-graph\">{\"@context\":\"https:\/\/schema.org\",\"@graph\":[{\"@type\":\"WebSite\",\"@id\":\"https:\/\/eduplo.net\/#website\",\"url\":\"https:\/\/eduplo.net\/\",\"name\":\"Eduplo - Tecnologia e Seguran\u00e7a\",\"description\":\"\",\"potentialAction\":[{\"@type\":\"SearchAction\",\"target\":{\"@type\":\"EntryPoint\",\"urlTemplate\":\"https:\/\/eduplo.net\/?s={search_term_string}\"},\"query-input\":\"required name=search_term_string\"}],\"inLanguage\":\"fr-FR\"},{\"@type\":\"WebPage\",\"@id\":\"https:\/\/eduplo.net\/fr\/equipe\/#webpage\",\"url\":\"https:\/\/eduplo.net\/fr\/equipe\/\",\"name\":\"Cam\u00e9ras de Vid\u00e9osurveillance? Eduplo a tout ce dont vous avez besoin!\",\"isPartOf\":{\"@id\":\"https:\/\/eduplo.net\/#website\"},\"datePublished\":\"2022-05-16T14:44:35+00:00\",\"dateModified\":\"2022-07-26T16:23:14+00:00\",\"description\":\"Chez Eduplo, notre service de cam\u00e9ras de vid\u00e9osurveillance et bien plus encore peuvent vous aider \u00e0 garder votre maison beaucoup plus s\u00fbre!\",\"breadcrumb\":{\"@id\":\"https:\/\/eduplo.net\/fr\/equipe\/#breadcrumb\"},\"inLanguage\":\"fr-FR\",\"potentialAction\":[{\"@type\":\"ReadAction\",\"target\":[\"https:\/\/eduplo.net\/fr\/equipe\/\"]}]},{\"@type\":\"BreadcrumbList\",\"@id\":\"https:\/\/eduplo.net\/fr\/equipe\/#breadcrumb\",\"itemListElement\":[{\"@type\":\"ListItem\",\"position\":1,\"name\":\"Home\",\"item\":\"https:\/\/eduplo.net\/fr\/\"},{\"@type\":\"ListItem\",\"position\":2,\"name\":\"\u00c9quipe\"}]}]}<\/script>\n<!-- \/ Yoast SEO plugin. -->","yoast_head_json":{"title":"Cam\u00e9ras de Vid\u00e9osurveillance? Eduplo a tout ce dont vous avez besoin!","description":"Chez Eduplo, notre service de cam\u00e9ras de vid\u00e9osurveillance et bien plus encore peuvent vous aider \u00e0 garder votre maison beaucoup plus s\u00fbre!","robots":{"index":"index","follow":"follow","max-snippet":"max-snippet:-1","max-image-preview":"max-image-preview:large","max-video-preview":"max-video-preview:-1"},"canonical":"https:\/\/eduplo.net\/fr\/equipe\/","og_locale":"fr_FR","og_type":"article","og_title":"Cam\u00e9ras de Vid\u00e9osurveillance? Eduplo a tout ce dont vous avez besoin!","og_description":"Chez Eduplo, notre service de cam\u00e9ras de vid\u00e9osurveillance et bien plus encore peuvent vous aider \u00e0 garder votre maison beaucoup plus s\u00fbre!","og_url":"https:\/\/eduplo.net\/fr\/equipe\/","og_site_name":"Eduplo - Tecnologia e Seguran\u00e7a","article_modified_time":"2022-07-26T16:23:14+00:00","twitter_card":"summary_large_image","schema":{"@context":"https:\/\/schema.org","@graph":[{"@type":"WebSite","@id":"https:\/\/eduplo.net\/#website","url":"https:\/\/eduplo.net\/","name":"Eduplo - Tecnologia e Seguran\u00e7a","description":"","potentialAction":[{"@type":"SearchAction","target":{"@type":"EntryPoint","urlTemplate":"https:\/\/eduplo.net\/?s={search_term_string}"},"query-input":"required name=search_term_string"}],"inLanguage":"fr-FR"},{"@type":"WebPage","@id":"https:\/\/eduplo.net\/fr\/equipe\/#webpage","url":"https:\/\/eduplo.net\/fr\/equipe\/","name":"Cam\u00e9ras de Vid\u00e9osurveillance? Eduplo a tout ce dont vous avez besoin!","isPartOf":{"@id":"https:\/\/eduplo.net\/#website"},"datePublished":"2022-05-16T14:44:35+00:00","dateModified":"2022-07-26T16:23:14+00:00","description":"Chez Eduplo, notre service de cam\u00e9ras de vid\u00e9osurveillance et bien plus encore peuvent vous aider \u00e0 garder votre maison beaucoup plus s\u00fbre!","breadcrumb":{"@id":"https:\/\/eduplo.net\/fr\/equipe\/#breadcrumb"},"inLanguage":"fr-FR","potentialAction":[{"@type":"ReadAction","target":["https:\/\/eduplo.net\/fr\/equipe\/"]}]},{"@type":"BreadcrumbList","@id":"https:\/\/eduplo.net\/fr\/equipe\/#breadcrumb","itemListElement":[{"@type":"ListItem","position":1,"name":"Home","item":"https:\/\/eduplo.net\/fr\/"},{"@type":"ListItem","position":2,"name":"\u00c9quipe"}]}]}},"_links":{"self":[{"href":"https:\/\/eduplo.net\/fr\/wp-json\/wp\/v2\/pages\/3681"}],"collection":[{"href":"https:\/\/eduplo.net\/fr\/wp-json\/wp\/v2\/pages"}],"about":[{"href":"https:\/\/eduplo.net\/fr\/wp-json\/wp\/v2\/types\/page"}],"author":[{"embeddable":true,"href":"https:\/\/eduplo.net\/fr\/wp-json\/wp\/v2\/users\/1"}],"replies":[{"embeddable":true,"href":"https:\/\/eduplo.net\/fr\/wp-json\/wp\/v2\/comments?post=3681"}],"version-history":[{"count":4,"href":"https:\/\/eduplo.net\/fr\/wp-json\/wp\/v2\/pages\/3681\/revisions"}],"predecessor-version":[{"id":3771,"href":"https:\/\/eduplo.net\/fr\/wp-json\/wp\/v2\/pages\/3681\/revisions\/3771"}],"wp:attachment":[{"href":"https:\/\/eduplo.net\/fr\/wp-json\/wp\/v2\/media?parent=3681"}],"curies":[{"name":"wp","href":"https:\/\/api.w.org\/{rel}","templated":true}]}}