{"id":3083,"date":"2022-05-16T12:46:47","date_gmt":"2022-05-16T12:46:47","guid":{"rendered":"http:\/\/eduplo.net\/contactos\/"},"modified":"2022-07-26T16:16:44","modified_gmt":"2022-07-26T16:16:44","slug":"systemes-de-videosurveillance-contacts","status":"publish","type":"page","link":"https:\/\/eduplo.net\/fr\/systemes-de-videosurveillance-contacts\/","title":{"rendered":"Contacts"},"content":{"rendered":"","protected":false},"excerpt":{"rendered":"","protected":false},"author":1,"featured_media":0,"parent":0,"menu_order":0,"comment_status":"closed","ping_status":"closed","template":"template-contactos.php","meta":[],"acf":[],"yoast_head":"\nSyst\u00e8mes de Vid\u00e9osurveillance | Demandez-nous un Devis Gratui -Eduplo<\/title>\n<meta name=\"description\" content=\"Demandez votre devis gratuit sans aucun engagement! Gr\u00e2ce \u00e0 nos syst\u00e8mes de vid\u00e9osurveillance, votre s\u00e9curit\u00e9 n\u2019a pas de limites!\" \/>\n<meta name=\"robots\" content=\"index, follow, max-snippet:-1, max-image-preview:large, max-video-preview:-1\" \/>\n<link rel=\"canonical\" href=\"https:\/\/eduplo.net\/fr\/systemes-de-videosurveillance-contacts\/\" \/>\n<meta property=\"og:locale\" content=\"fr_FR\" \/>\n<meta property=\"og:type\" content=\"article\" \/>\n<meta property=\"og:title\" content=\"Syst\u00e8mes de Vid\u00e9osurveillance | Demandez-nous un Devis Gratui -Eduplo\" \/>\n<meta property=\"og:description\" content=\"Demandez votre devis gratuit sans aucun engagement! Gr\u00e2ce \u00e0 nos syst\u00e8mes de vid\u00e9osurveillance, votre s\u00e9curit\u00e9 n\u2019a pas de limites!\" \/>\n<meta property=\"og:url\" content=\"https:\/\/eduplo.net\/fr\/systemes-de-videosurveillance-contacts\/\" \/>\n<meta property=\"og:site_name\" content=\"Eduplo - Tecnologia e Seguran\u00e7a\" \/>\n<meta property=\"article:modified_time\" content=\"2022-07-26T16:16:44+00:00\" \/>\n<meta name=\"twitter:card\" content=\"summary_large_image\" \/>\n<script type=\"application\/ld+json\" class=\"yoast-schema-graph\">{\"@context\":\"https:\/\/schema.org\",\"@graph\":[{\"@type\":\"WebSite\",\"@id\":\"https:\/\/eduplo.net\/#website\",\"url\":\"https:\/\/eduplo.net\/\",\"name\":\"Eduplo - Tecnologia e Seguran\u00e7a\",\"description\":\"\",\"potentialAction\":[{\"@type\":\"SearchAction\",\"target\":{\"@type\":\"EntryPoint\",\"urlTemplate\":\"https:\/\/eduplo.net\/?s={search_term_string}\"},\"query-input\":\"required name=search_term_string\"}],\"inLanguage\":\"fr-FR\"},{\"@type\":\"WebPage\",\"@id\":\"https:\/\/eduplo.net\/fr\/systemes-de-videosurveillance-contacts\/#webpage\",\"url\":\"https:\/\/eduplo.net\/fr\/systemes-de-videosurveillance-contacts\/\",\"name\":\"Syst\u00e8mes de Vid\u00e9osurveillance | Demandez-nous un Devis Gratui -Eduplo\",\"isPartOf\":{\"@id\":\"https:\/\/eduplo.net\/#website\"},\"datePublished\":\"2022-05-16T12:46:47+00:00\",\"dateModified\":\"2022-07-26T16:16:44+00:00\",\"description\":\"Demandez votre devis gratuit sans aucun engagement! Gr\u00e2ce \u00e0 nos syst\u00e8mes de vid\u00e9osurveillance, votre s\u00e9curit\u00e9 n\u2019a pas de limites!\",\"breadcrumb\":{\"@id\":\"https:\/\/eduplo.net\/fr\/systemes-de-videosurveillance-contacts\/#breadcrumb\"},\"inLanguage\":\"fr-FR\",\"potentialAction\":[{\"@type\":\"ReadAction\",\"target\":[\"https:\/\/eduplo.net\/fr\/systemes-de-videosurveillance-contacts\/\"]}]},{\"@type\":\"BreadcrumbList\",\"@id\":\"https:\/\/eduplo.net\/fr\/systemes-de-videosurveillance-contacts\/#breadcrumb\",\"itemListElement\":[{\"@type\":\"ListItem\",\"position\":1,\"name\":\"Home\",\"item\":\"https:\/\/eduplo.net\/fr\/\"},{\"@type\":\"ListItem\",\"position\":2,\"name\":\"Contacts\"}]}]}<\/script>\n<!-- \/ Yoast SEO plugin. -->","yoast_head_json":{"title":"Syst\u00e8mes de Vid\u00e9osurveillance | Demandez-nous un Devis Gratui -Eduplo","description":"Demandez votre devis gratuit sans aucun engagement! Gr\u00e2ce \u00e0 nos syst\u00e8mes de vid\u00e9osurveillance, votre s\u00e9curit\u00e9 n\u2019a pas de limites!","robots":{"index":"index","follow":"follow","max-snippet":"max-snippet:-1","max-image-preview":"max-image-preview:large","max-video-preview":"max-video-preview:-1"},"canonical":"https:\/\/eduplo.net\/fr\/systemes-de-videosurveillance-contacts\/","og_locale":"fr_FR","og_type":"article","og_title":"Syst\u00e8mes de Vid\u00e9osurveillance | Demandez-nous un Devis Gratui -Eduplo","og_description":"Demandez votre devis gratuit sans aucun engagement! Gr\u00e2ce \u00e0 nos syst\u00e8mes de vid\u00e9osurveillance, votre s\u00e9curit\u00e9 n\u2019a pas de limites!","og_url":"https:\/\/eduplo.net\/fr\/systemes-de-videosurveillance-contacts\/","og_site_name":"Eduplo - Tecnologia e Seguran\u00e7a","article_modified_time":"2022-07-26T16:16:44+00:00","twitter_card":"summary_large_image","schema":{"@context":"https:\/\/schema.org","@graph":[{"@type":"WebSite","@id":"https:\/\/eduplo.net\/#website","url":"https:\/\/eduplo.net\/","name":"Eduplo - Tecnologia e Seguran\u00e7a","description":"","potentialAction":[{"@type":"SearchAction","target":{"@type":"EntryPoint","urlTemplate":"https:\/\/eduplo.net\/?s={search_term_string}"},"query-input":"required name=search_term_string"}],"inLanguage":"fr-FR"},{"@type":"WebPage","@id":"https:\/\/eduplo.net\/fr\/systemes-de-videosurveillance-contacts\/#webpage","url":"https:\/\/eduplo.net\/fr\/systemes-de-videosurveillance-contacts\/","name":"Syst\u00e8mes de Vid\u00e9osurveillance | Demandez-nous un Devis Gratui -Eduplo","isPartOf":{"@id":"https:\/\/eduplo.net\/#website"},"datePublished":"2022-05-16T12:46:47+00:00","dateModified":"2022-07-26T16:16:44+00:00","description":"Demandez votre devis gratuit sans aucun engagement! Gr\u00e2ce \u00e0 nos syst\u00e8mes de vid\u00e9osurveillance, votre s\u00e9curit\u00e9 n\u2019a pas de limites!","breadcrumb":{"@id":"https:\/\/eduplo.net\/fr\/systemes-de-videosurveillance-contacts\/#breadcrumb"},"inLanguage":"fr-FR","potentialAction":[{"@type":"ReadAction","target":["https:\/\/eduplo.net\/fr\/systemes-de-videosurveillance-contacts\/"]}]},{"@type":"BreadcrumbList","@id":"https:\/\/eduplo.net\/fr\/systemes-de-videosurveillance-contacts\/#breadcrumb","itemListElement":[{"@type":"ListItem","position":1,"name":"Home","item":"https:\/\/eduplo.net\/fr\/"},{"@type":"ListItem","position":2,"name":"Contacts"}]}]}},"_links":{"self":[{"href":"https:\/\/eduplo.net\/fr\/wp-json\/wp\/v2\/pages\/3083"}],"collection":[{"href":"https:\/\/eduplo.net\/fr\/wp-json\/wp\/v2\/pages"}],"about":[{"href":"https:\/\/eduplo.net\/fr\/wp-json\/wp\/v2\/types\/page"}],"author":[{"embeddable":true,"href":"https:\/\/eduplo.net\/fr\/wp-json\/wp\/v2\/users\/1"}],"replies":[{"embeddable":true,"href":"https:\/\/eduplo.net\/fr\/wp-json\/wp\/v2\/comments?post=3083"}],"version-history":[{"count":5,"href":"https:\/\/eduplo.net\/fr\/wp-json\/wp\/v2\/pages\/3083\/revisions"}],"predecessor-version":[{"id":3751,"href":"https:\/\/eduplo.net\/fr\/wp-json\/wp\/v2\/pages\/3083\/revisions\/3751"}],"wp:attachment":[{"href":"https:\/\/eduplo.net\/fr\/wp-json\/wp\/v2\/media?parent=3083"}],"curies":[{"name":"wp","href":"https:\/\/api.w.org\/{rel}","templated":true}]}}